{"id":70,"date":"2021-05-04T15:09:06","date_gmt":"2021-05-04T15:09:06","guid":{"rendered":"https:\/\/www.donaudental.de\/?page_id=70"},"modified":"2021-05-04T15:09:27","modified_gmt":"2021-05-04T15:09:27","slug":"modellguss","status":"publish","type":"page","link":"https:\/\/www.donaudental.de\/index.php\/modellguss\/","title":{"rendered":"Modellguss"},"content":{"rendered":"<div id=\"c30\" class=\"csc-frame csc-frame-rulerAfter\">\n<h1>Modellguss<\/h1>\n<\/div>\n<div id=\"c29\" class=\"csc-default\">\n<div class=\"csc-textpic csc-textpic-intext-left-nowrap\">\n<div class=\"csc-textpic-imagewrap csc-textpic-single-image\"><span style=\"font-size: 1rem;\">Die Modellgussprothese ist immer noch der Standard bei der Versorgung im reduzierten Restgebiss . In unserem Labor wird ausschlie\u00dflich nur bester und hochwertigster Chrom Kobalt Molybd\u00e4n Stahl im Induktions-Druck-Vakuum Verfahren hergestellt.<\/span><\/div>\n<div>\n<div class=\"csc-textpic-text\">\n<p class=\"bodytext\">Die besonders gute Gewebevertr\u00e4glichkeit dieser Legierung, ist die Voraussetzung f\u00fcr die umfangreiche Verwendung in der Zahntechnik. ale Ergebnisse.<\/p>\n<\/div>\n<\/div>\n<\/div>\n<\/div>\n","protected":false},"excerpt":{"rendered":"<p>Modellguss Die Modellgussprothese ist immer noch der Standard bei der Versorgung im reduzierten Restgebiss . In unserem Labor wird ausschlie\u00dflich nur bester und hochwertigster Chrom Kobalt Molybd\u00e4n Stahl im Induktions-Druck-Vakuum Verfahren hergestellt. Die besonders gute Gewebevertr\u00e4glichkeit dieser Legierung, ist die Voraussetzung f\u00fcr die umfangreiche Verwendung in der Zahntechnik. ale Ergebnisse.<\/p>\n","protected":false},"author":1,"featured_media":0,"parent":0,"menu_order":0,"comment_status":"closed","ping_status":"closed","template":"","meta":{"footnotes":""},"class_list":["post-70","page","type-page","status-publish","hentry"],"_links":{"self":[{"href":"https:\/\/www.donaudental.de\/index.php\/wp-json\/wp\/v2\/pages\/70","targetHints":{"allow":["GET"]}}],"collection":[{"href":"https:\/\/www.donaudental.de\/index.php\/wp-json\/wp\/v2\/pages"}],"about":[{"href":"https:\/\/www.donaudental.de\/index.php\/wp-json\/wp\/v2\/types\/page"}],"author":[{"embeddable":true,"href":"https:\/\/www.donaudental.de\/index.php\/wp-json\/wp\/v2\/users\/1"}],"replies":[{"embeddable":true,"href":"https:\/\/www.donaudental.de\/index.php\/wp-json\/wp\/v2\/comments?post=70"}],"version-history":[{"count":2,"href":"https:\/\/www.donaudental.de\/index.php\/wp-json\/wp\/v2\/pages\/70\/revisions"}],"predecessor-version":[{"id":72,"href":"https:\/\/www.donaudental.de\/index.php\/wp-json\/wp\/v2\/pages\/70\/revisions\/72"}],"wp:attachment":[{"href":"https:\/\/www.donaudental.de\/index.php\/wp-json\/wp\/v2\/media?parent=70"}],"curies":[{"name":"wp","href":"https:\/\/api.w.org\/{rel}","templated":true}]}}