{"id":66,"date":"2021-05-04T15:06:40","date_gmt":"2021-05-04T15:06:40","guid":{"rendered":"https:\/\/www.donaudental.de\/?page_id=66"},"modified":"2021-05-10T09:17:36","modified_gmt":"2021-05-10T09:17:36","slug":"teleskoptechnik","status":"publish","type":"page","link":"https:\/\/www.donaudental.de\/index.php\/teleskoptechnik\/","title":{"rendered":"Teleskoptechnik"},"content":{"rendered":"<div id=\"c26\" class=\"csc-frame csc-frame-rulerAfter\">\n<h1>Teleskoptechnik<\/h1>\n<\/div>\n<div id=\"c25\" class=\"csc-default\">\n<div class=\"csc-textpic csc-textpic-intext-left-nowrap\">\n<div>\n<div class=\"csc-textpic-text\">\n<p class=\"bodytext\">Die Verbindung einer Teilprothese mit dem Restgebiss erfolgt mit Hilfe der sogenannten Doppelkronentechnik(Prim\u00e4rteil\/Sekund\u00e4rteil). Bei dieser L\u00f6sungsform auf einem zum gr\u00f6\u00dften Teil reduziertem Restzahnbestand, ergibt sich eine fast ideale Form von abnehmbarem Zahnersatz mit seiner \u00e4sthetischen Wirkung. Gerade aus zahnmedizinischen Gesichtspunkten und der ausgewogenen statischen Konstruktion, schont dieser Zahnersatz vorbildlich den Restzahnbestand.<\/p>\n<\/div>\n<\/div>\n<\/div>\n<\/div>\n\n\t\t<style type=\"text\/css\">\n\t\t\t#gallery-1 {\n\t\t\t\tmargin: auto;\n\t\t\t}\n\t\t\t#gallery-1 .gallery-item {\n\t\t\t\tfloat: left;\n\t\t\t\tmargin-top: 10px;\n\t\t\t\ttext-align: center;\n\t\t\t\twidth: 33%;\n\t\t\t}\n\t\t\t#gallery-1 img {\n\t\t\t\tborder: 2px solid #cfcfcf;\n\t\t\t}\n\t\t\t#gallery-1 .gallery-caption {\n\t\t\t\tmargin-left: 0;\n\t\t\t}\n\t\t\t\/* see gallery_shortcode() in wp-includes\/media.php *\/\n\t\t<\/style>\n\t\t<div id='gallery-1' class='gallery galleryid-66 gallery-columns-3 gallery-size-thumbnail'><dl class='gallery-item'>\n\t\t\t<dt class='gallery-icon portrait'>\n\t\t\t\t<a href='https:\/\/www.donaudental.de\/wp-content\/uploads\/2021\/05\/teleskop1gr.jpg'><img loading=\"lazy\" decoding=\"async\" width=\"150\" height=\"150\" src=\"https:\/\/www.donaudental.de\/wp-content\/uploads\/2021\/05\/teleskop1gr-150x150.jpg\" class=\"attachment-thumbnail size-thumbnail\" alt=\"\" srcset=\"https:\/\/www.donaudental.de\/wp-content\/uploads\/2021\/05\/teleskop1gr-150x150.jpg 150w, https:\/\/www.donaudental.de\/wp-content\/uploads\/2021\/05\/teleskop1gr-298x300.jpg 298w, https:\/\/www.donaudental.de\/wp-content\/uploads\/2021\/05\/teleskop1gr-100x100.jpg 100w, https:\/\/www.donaudental.de\/wp-content\/uploads\/2021\/05\/teleskop1gr.jpg 400w\" sizes=\"auto, (max-width: 150px) 100vw, 150px\" \/><\/a>\n\t\t\t<\/dt><\/dl><dl class='gallery-item'>\n\t\t\t<dt class='gallery-icon landscape'>\n\t\t\t\t<a href='https:\/\/www.donaudental.de\/wp-content\/uploads\/2021\/05\/teleskop2gr.jpg'><img loading=\"lazy\" decoding=\"async\" width=\"150\" height=\"150\" src=\"https:\/\/www.donaudental.de\/wp-content\/uploads\/2021\/05\/teleskop2gr-150x150.jpg\" class=\"attachment-thumbnail size-thumbnail\" alt=\"\" srcset=\"https:\/\/www.donaudental.de\/wp-content\/uploads\/2021\/05\/teleskop2gr-150x150.jpg 150w, https:\/\/www.donaudental.de\/wp-content\/uploads\/2021\/05\/teleskop2gr-100x100.jpg 100w\" sizes=\"auto, (max-width: 150px) 100vw, 150px\" \/><\/a>\n\t\t\t<\/dt><\/dl>\n\t\t\t<br style='clear: both' \/>\n\t\t<\/div>\n\n","protected":false},"excerpt":{"rendered":"<p>Teleskoptechnik Die Verbindung einer Teilprothese mit dem Restgebiss erfolgt mit Hilfe der sogenannten Doppelkronentechnik(Prim\u00e4rteil\/Sekund\u00e4rteil). Bei dieser L\u00f6sungsform auf einem zum gr\u00f6\u00dften Teil reduziertem Restzahnbestand, ergibt sich eine fast ideale Form von abnehmbarem Zahnersatz mit seiner \u00e4sthetischen Wirkung. Gerade aus zahnmedizinischen Gesichtspunkten und der ausgewogenen statischen Konstruktion, schont dieser Zahnersatz vorbildlich den Restzahnbestand.<\/p>\n","protected":false},"author":1,"featured_media":0,"parent":0,"menu_order":0,"comment_status":"closed","ping_status":"closed","template":"","meta":{"footnotes":""},"class_list":["post-66","page","type-page","status-publish","hentry"],"_links":{"self":[{"href":"https:\/\/www.donaudental.de\/index.php\/wp-json\/wp\/v2\/pages\/66","targetHints":{"allow":["GET"]}}],"collection":[{"href":"https:\/\/www.donaudental.de\/index.php\/wp-json\/wp\/v2\/pages"}],"about":[{"href":"https:\/\/www.donaudental.de\/index.php\/wp-json\/wp\/v2\/types\/page"}],"author":[{"embeddable":true,"href":"https:\/\/www.donaudental.de\/index.php\/wp-json\/wp\/v2\/users\/1"}],"replies":[{"embeddable":true,"href":"https:\/\/www.donaudental.de\/index.php\/wp-json\/wp\/v2\/comments?post=66"}],"version-history":[{"count":3,"href":"https:\/\/www.donaudental.de\/index.php\/wp-json\/wp\/v2\/pages\/66\/revisions"}],"predecessor-version":[{"id":241,"href":"https:\/\/www.donaudental.de\/index.php\/wp-json\/wp\/v2\/pages\/66\/revisions\/241"}],"wp:attachment":[{"href":"https:\/\/www.donaudental.de\/index.php\/wp-json\/wp\/v2\/media?parent=66"}],"curies":[{"name":"wp","href":"https:\/\/api.w.org\/{rel}","templated":true}]}}