{"id":63,"date":"2021-05-04T15:05:45","date_gmt":"2021-05-04T15:05:45","guid":{"rendered":"https:\/\/www.donaudental.de\/?page_id=63"},"modified":"2021-05-04T15:06:00","modified_gmt":"2021-05-04T15:06:00","slug":"vollkeramik","status":"publish","type":"page","link":"https:\/\/www.donaudental.de\/index.php\/vollkeramik\/","title":{"rendered":"Vollkeramik"},"content":{"rendered":"<div id=\"c24\" class=\"csc-frame csc-frame-rulerAfter\">\n<h1>Vollkeramik<\/h1>\n<\/div>\n<div id=\"c23\" class=\"csc-default\">\n<div class=\"csc-textpic csc-textpic-intext-left-nowrap\">\n<div class=\"csc-textpic-imagewrap\">\n<div class=\"csc-textpic-imagerow csc-textpic-imagerow-last\"><\/div>\n<\/div>\n<div>\n<div class=\"csc-textpic-text\">\n<p class=\"bodytext\">Keramikinlays, keramischeTeilkronen ein Hightech Grundstoff aus \u201eGlaskeramik\u201c im Labor in einem speziellen Gie\u00dfverfahren, thermisch erhitzt und unter Druck und Vacuum in eine zuvor gefertigte Gussform vergossen. Bei diesem Verfahren (Empressverfahren) wird durch eine gezielt gesteuerte W\u00e4rmebehandlung der Glaskeramik besondere Eigenschaften gegeben, die diesem Werkstoff einzigartige physikalische Eigenschaften verleihen.Glaskeramik ist zudem ein schlechter W\u00e4rme- und K\u00e4lteleiter und sch\u00fctzt dadurch den gesunden Zahn unter dem Inlay, Teilkrone etc. vor thermischen Irritationen. Die Oberfl\u00e4chendichte ist bei diesem Werkstoff absolut dicht und glatt, so dass sich Bel\u00e4ge nur schwer anhaften k\u00f6nnen. Die Biokompatibilit\u00e4t und Gewebevertr\u00e4glichkeit ist von keinem anderen Material zu \u00fcberbieten.<\/p>\n<p>Vollkeramikkronen, Vollkeramikbr\u00fccken: zur Herstellung dieser aufwendigen Technik werden zwei Verfahrensschritte ben\u00f6tigt. Zum ersten wird ein Grundegr\u00fcst aus einer speziellen Zirkonoxidkeramik hergestellt. Bei dieser Herstellung wird das Ger\u00fcst mit dem Computer konstruiert und machinell aus einem industriell gefertigten Keramikblock herausgefr\u00e4st. Dieses Ger\u00fcst wird dann sp\u00e4ter im Brennofen gesintert.<br \/>\n(CAD\/CAM Technik).<\/p>\n<p>F\u00fcr die Frontazahnversorgung gibt es speziell transparente Keramikformen wie z.B. Spinell oder Aluminiumoxidkeramik.<\/p>\n<p>Auf diesem Ger\u00fcst wird dann im zweiten Arbeitsschritt in mehreren Schichten Keramikmasse aufgetragen und im Keramikofen gebrannt.<br \/>\nVollkeramik ist eine h\u00f6chst innovative, \u00e4sthetische und gerade auch f\u00fcr Allergiker perfekte L\u00f6sung.<\/p>\n<\/div>\n<\/div>\n<\/div>\n<\/div>\n","protected":false},"excerpt":{"rendered":"<p>Vollkeramik Keramikinlays, keramischeTeilkronen ein Hightech Grundstoff aus \u201eGlaskeramik\u201c im Labor in einem speziellen Gie\u00dfverfahren, thermisch erhitzt und unter Druck und Vacuum in eine zuvor gefertigte Gussform vergossen. Bei diesem Verfahren (Empressverfahren) wird durch eine gezielt gesteuerte W\u00e4rmebehandlung der Glaskeramik besondere Eigenschaften gegeben, die diesem Werkstoff einzigartige physikalische Eigenschaften verleihen.Glaskeramik ist zudem ein schlechter W\u00e4rme- und &hellip; <\/p>\n<p class=\"link-more\"><a href=\"https:\/\/www.donaudental.de\/index.php\/vollkeramik\/\" class=\"more-link\">Continue reading<span class=\"screen-reader-text\"> &#8222;Vollkeramik&#8220;<\/span><\/a><\/p>\n","protected":false},"author":1,"featured_media":0,"parent":0,"menu_order":0,"comment_status":"closed","ping_status":"closed","template":"","meta":{"footnotes":""},"class_list":["post-63","page","type-page","status-publish","hentry"],"_links":{"self":[{"href":"https:\/\/www.donaudental.de\/index.php\/wp-json\/wp\/v2\/pages\/63","targetHints":{"allow":["GET"]}}],"collection":[{"href":"https:\/\/www.donaudental.de\/index.php\/wp-json\/wp\/v2\/pages"}],"about":[{"href":"https:\/\/www.donaudental.de\/index.php\/wp-json\/wp\/v2\/types\/page"}],"author":[{"embeddable":true,"href":"https:\/\/www.donaudental.de\/index.php\/wp-json\/wp\/v2\/users\/1"}],"replies":[{"embeddable":true,"href":"https:\/\/www.donaudental.de\/index.php\/wp-json\/wp\/v2\/comments?post=63"}],"version-history":[{"count":2,"href":"https:\/\/www.donaudental.de\/index.php\/wp-json\/wp\/v2\/pages\/63\/revisions"}],"predecessor-version":[{"id":65,"href":"https:\/\/www.donaudental.de\/index.php\/wp-json\/wp\/v2\/pages\/63\/revisions\/65"}],"wp:attachment":[{"href":"https:\/\/www.donaudental.de\/index.php\/wp-json\/wp\/v2\/media?parent=63"}],"curies":[{"name":"wp","href":"https:\/\/api.w.org\/{rel}","templated":true}]}}