{"id":58,"date":"2021-05-04T15:04:48","date_gmt":"2021-05-04T15:04:48","guid":{"rendered":"https:\/\/www.donaudental.de\/?page_id=58"},"modified":"2021-05-10T07:23:03","modified_gmt":"2021-05-10T07:23:03","slug":"inlays-onlays","status":"publish","type":"page","link":"https:\/\/www.donaudental.de\/index.php\/inlays-onlays\/","title":{"rendered":"inlays-onlays"},"content":{"rendered":"<div id=\"c20\" class=\"csc-frame csc-frame-rulerAfter\">\n<h1>Inlays\/onlays<\/h1>\n<\/div>\n<div id=\"c19\" class=\"csc-default\">\n<div class=\"csc-textpic-text\">\n<div class=\"csc-textpicHeader csc-textpicHeader-26\">\n<h2><\/h2>\n<\/div>\n<p class=\"bodytext\">Goldinlays,Onlays,Teilkronen werden hergestellt aus einer hochgoldhaltigen, Edelmetalllegierung. Durch ein spezielles Gie\u00dfverfahren (Induktions-Druck-Vacuum Guss) werden in unserem Labor absolut lunkerfreie und passgenaue Gussteile gefertigt.<br \/>\nGoldinlays haben zudem eine sehr gute Oberfl\u00e4chendichte und durch die Materialeigenschaft von Gold eine durch den nat\u00fcrlichen Abrieb der Gegenz\u00e4hne anfinierende (anpassungsf\u00e4hige) Eigenschaft im Randbereich der Kaufl\u00e4che.<\/p>\n<\/div>\n<\/div>\n","protected":false},"excerpt":{"rendered":"<p>Inlays\/onlays Goldinlays,Onlays,Teilkronen werden hergestellt aus einer hochgoldhaltigen, Edelmetalllegierung. Durch ein spezielles Gie\u00dfverfahren (Induktions-Druck-Vacuum Guss) werden in unserem Labor absolut lunkerfreie und passgenaue Gussteile gefertigt. Goldinlays haben zudem eine sehr gute Oberfl\u00e4chendichte und durch die Materialeigenschaft von Gold eine durch den nat\u00fcrlichen Abrieb der Gegenz\u00e4hne anfinierende (anpassungsf\u00e4hige) Eigenschaft im Randbereich der Kaufl\u00e4che.<\/p>\n","protected":false},"author":1,"featured_media":0,"parent":0,"menu_order":0,"comment_status":"closed","ping_status":"closed","template":"","meta":{"footnotes":""},"class_list":["post-58","page","type-page","status-publish","hentry"],"_links":{"self":[{"href":"https:\/\/www.donaudental.de\/index.php\/wp-json\/wp\/v2\/pages\/58","targetHints":{"allow":["GET"]}}],"collection":[{"href":"https:\/\/www.donaudental.de\/index.php\/wp-json\/wp\/v2\/pages"}],"about":[{"href":"https:\/\/www.donaudental.de\/index.php\/wp-json\/wp\/v2\/types\/page"}],"author":[{"embeddable":true,"href":"https:\/\/www.donaudental.de\/index.php\/wp-json\/wp\/v2\/users\/1"}],"replies":[{"embeddable":true,"href":"https:\/\/www.donaudental.de\/index.php\/wp-json\/wp\/v2\/comments?post=58"}],"version-history":[{"count":1,"href":"https:\/\/www.donaudental.de\/index.php\/wp-json\/wp\/v2\/pages\/58\/revisions"}],"predecessor-version":[{"id":59,"href":"https:\/\/www.donaudental.de\/index.php\/wp-json\/wp\/v2\/pages\/58\/revisions\/59"}],"wp:attachment":[{"href":"https:\/\/www.donaudental.de\/index.php\/wp-json\/wp\/v2\/media?parent=58"}],"curies":[{"name":"wp","href":"https:\/\/api.w.org\/{rel}","templated":true}]}}