{"id":54,"date":"2021-05-04T15:02:07","date_gmt":"2021-05-04T15:02:07","guid":{"rendered":"https:\/\/www.donaudental.de\/?page_id=54"},"modified":"2021-05-10T09:04:48","modified_gmt":"2021-05-10T09:04:48","slug":"keramik","status":"publish","type":"page","link":"https:\/\/www.donaudental.de\/index.php\/keramik\/","title":{"rendered":"Keramik"},"content":{"rendered":"<p><strong><a href=\"https:\/\/www.donaudental.de\/wp-content\/uploads\/2021\/05\/vk_gr.jpg\"><img loading=\"lazy\" decoding=\"async\" class=\"alignleft size-medium wp-image-179\" src=\"https:\/\/www.donaudental.de\/wp-content\/uploads\/2021\/05\/vk_gr-300x225.jpg\" alt=\"\" width=\"300\" height=\"225\" srcset=\"https:\/\/www.donaudental.de\/wp-content\/uploads\/2021\/05\/vk_gr-300x225.jpg 300w, https:\/\/www.donaudental.de\/wp-content\/uploads\/2021\/05\/vk_gr.jpg 400w\" sizes=\"auto, (max-width: 300px) 100vw, 300px\" \/><\/a>Keramik Evolution<\/strong><\/p>\n<p>Verteilung und Dimension der Leucitkristalle sind bei Evolution so auf die Glasmatrix abgestimmt, dass Br\u00fcche und Risse wirksam verhindert werden. Die Leucitkristalle (hoher WAK) bewirken in der Glasmatrix (niedriger WAK) bei der Abk\u00fchlung eine Druckspannung, die Materialverletzungen nachhaltig hemmt. Desweiteren blockiert das stabilisierende Mikrogef\u00fcge die Rissfortpflanzung.<\/p>\n<p>Und: Die kristalline Anordnung f\u00fchrt zu einer Lichtbeugung, die dem Naturzahn angepa\u00dft ist.<\/p>\n<p>Das Ergebnis: extreme Haltbarkeit und eine nat\u00fcrliche Farbwirkung.<\/p>\n","protected":false},"excerpt":{"rendered":"<p>Keramik Evolution Verteilung und Dimension der Leucitkristalle sind bei Evolution so auf die Glasmatrix abgestimmt, dass Br\u00fcche und Risse wirksam verhindert werden. Die Leucitkristalle (hoher WAK) bewirken in der Glasmatrix (niedriger WAK) bei der Abk\u00fchlung eine Druckspannung, die Materialverletzungen nachhaltig hemmt. Desweiteren blockiert das stabilisierende Mikrogef\u00fcge die Rissfortpflanzung. Und: Die kristalline Anordnung f\u00fchrt zu einer &hellip; <\/p>\n<p class=\"link-more\"><a href=\"https:\/\/www.donaudental.de\/index.php\/keramik\/\" class=\"more-link\">Continue reading<span class=\"screen-reader-text\"> &#8222;Keramik&#8220;<\/span><\/a><\/p>\n","protected":false},"author":1,"featured_media":0,"parent":0,"menu_order":0,"comment_status":"closed","ping_status":"closed","template":"","meta":{"footnotes":""},"class_list":["post-54","page","type-page","status-publish","hentry"],"_links":{"self":[{"href":"https:\/\/www.donaudental.de\/index.php\/wp-json\/wp\/v2\/pages\/54","targetHints":{"allow":["GET"]}}],"collection":[{"href":"https:\/\/www.donaudental.de\/index.php\/wp-json\/wp\/v2\/pages"}],"about":[{"href":"https:\/\/www.donaudental.de\/index.php\/wp-json\/wp\/v2\/types\/page"}],"author":[{"embeddable":true,"href":"https:\/\/www.donaudental.de\/index.php\/wp-json\/wp\/v2\/users\/1"}],"replies":[{"embeddable":true,"href":"https:\/\/www.donaudental.de\/index.php\/wp-json\/wp\/v2\/comments?post=54"}],"version-history":[{"count":3,"href":"https:\/\/www.donaudental.de\/index.php\/wp-json\/wp\/v2\/pages\/54\/revisions"}],"predecessor-version":[{"id":229,"href":"https:\/\/www.donaudental.de\/index.php\/wp-json\/wp\/v2\/pages\/54\/revisions\/229"}],"wp:attachment":[{"href":"https:\/\/www.donaudental.de\/index.php\/wp-json\/wp\/v2\/media?parent=54"}],"curies":[{"name":"wp","href":"https:\/\/api.w.org\/{rel}","templated":true}]}}