{"id":52,"date":"2021-05-04T15:01:30","date_gmt":"2021-05-04T15:01:30","guid":{"rendered":"https:\/\/www.donaudental.de\/?page_id=52"},"modified":"2021-05-10T09:06:56","modified_gmt":"2021-05-10T09:06:56","slug":"metalle","status":"publish","type":"page","link":"https:\/\/www.donaudental.de\/index.php\/metalle\/","title":{"rendered":"Metalle"},"content":{"rendered":"<p><strong><a href=\"https:\/\/www.donaudental.de\/wp-content\/uploads\/2021\/05\/modellgussw1gr.jpg\"><img loading=\"lazy\" decoding=\"async\" class=\"alignleft size-medium wp-image-134\" src=\"https:\/\/www.donaudental.de\/wp-content\/uploads\/2021\/05\/modellgussw1gr-265x300.jpg\" alt=\"\" width=\"265\" height=\"300\" srcset=\"https:\/\/www.donaudental.de\/wp-content\/uploads\/2021\/05\/modellgussw1gr-265x300.jpg 265w, https:\/\/www.donaudental.de\/wp-content\/uploads\/2021\/05\/modellgussw1gr.jpg 400w\" sizes=\"auto, (max-width: 265px) 100vw, 265px\" \/><\/a>Was vesteht man unter Biokompatibilit\u00e4t?<\/strong><\/p>\n<p>Der Begriff Biokompatibilit\u00e4t oder Biovertr\u00e4glichkeit bezeichnet die Eigenschaft eines Materials, das vom K\u00f6rper ohne sch\u00e4digende Reaktionen toleriert und integriert wird. Die Gewebevertr\u00e4glichkeit muss gew\u00e4hrleistet und Sensibilisierung oder allergische Reaktionen m\u00fcssen ausgeschlossen sein. Ein sehr wichtiger Faktor ist dabei die Reinheit des Rohmaterials, die Verarbeitungsqualit\u00e4t und die konsequente \u00dcberwachung qualit\u00e4tsrelevanter Prozesse.<\/p>\n<p><strong>Was ist Korrusion?<\/strong><\/p>\n<p>Korrosion ist ein Prozess, der unter dem Einfluss chemischer und\/oder elektrochemischer Vorg\u00e4nge Ver\u00e4nderungen an den Oberfl\u00e4chen von Metallen und Legierungen ausl\u00f6st. Metallionen werden an das Umfeld abgegeben und Ver\u00e4nderungen der Materialeigenschaften k\u00f6nnen auftreten.<\/p>\n<p><strong>Was sind Biolegierungen?<\/strong><\/p>\n<p>Bio-Legierungen erf\u00fcllen Anforderungen, die weit \u00fcber den Normen liegen. Diese Metalle enthalten au\u00dfer Gold und Platinmetallen nur Zus\u00e4tze, die wir ohnehin als essentielle Spurenelemente \u00fcber die Nahrung aufnehmen und aus medizinischer Sicht unbedenklich sind. Bio-Legierungen sind h\u00f6chst korrosionsbest\u00e4ndig.<\/p>\n<p><strong>Qualit\u00e4t und Sicherheit<\/strong><\/p>\n<p>Die strengen Sicherheitsanforderungen der europ\u00e4ischen Medzinprodukte- Richtlinien 93\/42 EWG und des deutschen Medizinprodukte- gesetzes werden mit dem CE-Zeichen visualisiert. J\u00e4hrlich werden unsere Dentalprodukte vom T\u00dcV Bayern S\u00fcd auf die gesetzlichen Sicherheitsanforderungen \u00fcberpr\u00fcft und auditiert. Das CE 0123-Zeichen auf unseren Produkten garantiert dem Anwender und Patienten einen bestm\u00f6glichen Grad an Gesundheitsschutz und Sicherheit.<\/p>\n","protected":false},"excerpt":{"rendered":"<p>Was vesteht man unter Biokompatibilit\u00e4t? Der Begriff Biokompatibilit\u00e4t oder Biovertr\u00e4glichkeit bezeichnet die Eigenschaft eines Materials, das vom K\u00f6rper ohne sch\u00e4digende Reaktionen toleriert und integriert wird. Die Gewebevertr\u00e4glichkeit muss gew\u00e4hrleistet und Sensibilisierung oder allergische Reaktionen m\u00fcssen ausgeschlossen sein. Ein sehr wichtiger Faktor ist dabei die Reinheit des Rohmaterials, die Verarbeitungsqualit\u00e4t und die konsequente \u00dcberwachung qualit\u00e4tsrelevanter Prozesse. &hellip; <\/p>\n<p class=\"link-more\"><a href=\"https:\/\/www.donaudental.de\/index.php\/metalle\/\" class=\"more-link\">Continue reading<span class=\"screen-reader-text\"> &#8222;Metalle&#8220;<\/span><\/a><\/p>\n","protected":false},"author":1,"featured_media":0,"parent":0,"menu_order":0,"comment_status":"closed","ping_status":"closed","template":"","meta":{"footnotes":""},"class_list":["post-52","page","type-page","status-publish","hentry"],"_links":{"self":[{"href":"https:\/\/www.donaudental.de\/index.php\/wp-json\/wp\/v2\/pages\/52","targetHints":{"allow":["GET"]}}],"collection":[{"href":"https:\/\/www.donaudental.de\/index.php\/wp-json\/wp\/v2\/pages"}],"about":[{"href":"https:\/\/www.donaudental.de\/index.php\/wp-json\/wp\/v2\/types\/page"}],"author":[{"embeddable":true,"href":"https:\/\/www.donaudental.de\/index.php\/wp-json\/wp\/v2\/users\/1"}],"replies":[{"embeddable":true,"href":"https:\/\/www.donaudental.de\/index.php\/wp-json\/wp\/v2\/comments?post=52"}],"version-history":[{"count":3,"href":"https:\/\/www.donaudental.de\/index.php\/wp-json\/wp\/v2\/pages\/52\/revisions"}],"predecessor-version":[{"id":230,"href":"https:\/\/www.donaudental.de\/index.php\/wp-json\/wp\/v2\/pages\/52\/revisions\/230"}],"wp:attachment":[{"href":"https:\/\/www.donaudental.de\/index.php\/wp-json\/wp\/v2\/media?parent=52"}],"curies":[{"name":"wp","href":"https:\/\/api.w.org\/{rel}","templated":true}]}}