{"id":45,"date":"2021-05-04T14:39:26","date_gmt":"2021-05-04T14:39:26","guid":{"rendered":"https:\/\/www.donaudental.de\/?page_id=45"},"modified":"2021-05-10T09:01:55","modified_gmt":"2021-05-10T09:01:55","slug":"rundgang","status":"publish","type":"page","link":"https:\/\/www.donaudental.de\/index.php\/rundgang\/","title":{"rendered":"Rundgang"},"content":{"rendered":"<div id=\"c14\" class=\"csc-default\">\n<h3>Unser Labor<\/h3>\n<p class=\"bodytext\">Hier k\u00f6nnen Sie sich einen kleinen \u00dcberblick \u00fcber unser Labor mit seinen Mitarbeitern verschaffen. Gerne k\u00f6nnen Sie uns pers\u00f6nlich besuchen.<\/p>\n<\/div>\n<div id=\"c50\" class=\"csc-default\">\n<h2>Allgemeine Eindr\u00fccke von unserem Labor<\/h2>\n<\/div>\n<div class=\"cscs-default\">\n\n\t\t<style type=\"text\/css\">\n\t\t\t#gallery-1 {\n\t\t\t\tmargin: auto;\n\t\t\t}\n\t\t\t#gallery-1 .gallery-item {\n\t\t\t\tfloat: left;\n\t\t\t\tmargin-top: 10px;\n\t\t\t\ttext-align: center;\n\t\t\t\twidth: 33%;\n\t\t\t}\n\t\t\t#gallery-1 img {\n\t\t\t\tborder: 2px solid #cfcfcf;\n\t\t\t}\n\t\t\t#gallery-1 .gallery-caption {\n\t\t\t\tmargin-left: 0;\n\t\t\t}\n\t\t\t\/* see gallery_shortcode() in wp-includes\/media.php *\/\n\t\t<\/style>\n\t\t<div id='gallery-1' class='gallery galleryid-45 gallery-columns-3 gallery-size-thumbnail'><dl class='gallery-item'>\n\t\t\t<dt class='gallery-icon landscape'>\n\t\t\t\t<a href='https:\/\/www.donaudental.de\/wp-content\/uploads\/2021\/05\/labor_01.jpg'><img loading=\"lazy\" decoding=\"async\" width=\"150\" height=\"150\" src=\"https:\/\/www.donaudental.de\/wp-content\/uploads\/2021\/05\/labor_01-150x150.jpg\" class=\"attachment-thumbnail size-thumbnail\" alt=\"\" srcset=\"https:\/\/www.donaudental.de\/wp-content\/uploads\/2021\/05\/labor_01-150x150.jpg 150w, https:\/\/www.donaudental.de\/wp-content\/uploads\/2021\/05\/labor_01-100x100.jpg 100w\" sizes=\"auto, (max-width: 150px) 100vw, 150px\" \/><\/a>\n\t\t\t<\/dt><\/dl><dl class='gallery-item'>\n\t\t\t<dt class='gallery-icon landscape'>\n\t\t\t\t<a href='https:\/\/www.donaudental.de\/wp-content\/uploads\/2021\/05\/IMG_0862_01-scaled.jpg'><img loading=\"lazy\" decoding=\"async\" width=\"150\" height=\"150\" src=\"https:\/\/www.donaudental.de\/wp-content\/uploads\/2021\/05\/IMG_0862_01-150x150.jpg\" class=\"attachment-thumbnail size-thumbnail\" alt=\"\" srcset=\"https:\/\/www.donaudental.de\/wp-content\/uploads\/2021\/05\/IMG_0862_01-150x150.jpg 150w, https:\/\/www.donaudental.de\/wp-content\/uploads\/2021\/05\/IMG_0862_01-100x100.jpg 100w\" sizes=\"auto, (max-width: 150px) 100vw, 150px\" \/><\/a>\n\t\t\t<\/dt><\/dl><dl class='gallery-item'>\n\t\t\t<dt class='gallery-icon landscape'>\n\t\t\t\t<a href='https:\/\/www.donaudental.de\/wp-content\/uploads\/2021\/05\/IMG_0310-scaled.jpg'><img loading=\"lazy\" decoding=\"async\" width=\"150\" height=\"150\" src=\"https:\/\/www.donaudental.de\/wp-content\/uploads\/2021\/05\/IMG_0310-150x150.jpg\" class=\"attachment-thumbnail size-thumbnail\" alt=\"\" srcset=\"https:\/\/www.donaudental.de\/wp-content\/uploads\/2021\/05\/IMG_0310-150x150.jpg 150w, https:\/\/www.donaudental.de\/wp-content\/uploads\/2021\/05\/IMG_0310-100x100.jpg 100w\" sizes=\"auto, (max-width: 150px) 100vw, 150px\" \/><\/a>\n\t\t\t<\/dt><\/dl><br style=\"clear: both\" \/><dl class='gallery-item'>\n\t\t\t<dt class='gallery-icon landscape'>\n\t\t\t\t<a href='https:\/\/www.donaudental.de\/wp-content\/uploads\/2021\/05\/rundgang7.jpg'><img loading=\"lazy\" decoding=\"async\" width=\"150\" height=\"150\" src=\"https:\/\/www.donaudental.de\/wp-content\/uploads\/2021\/05\/rundgang7-150x150.jpg\" class=\"attachment-thumbnail size-thumbnail\" alt=\"\" srcset=\"https:\/\/www.donaudental.de\/wp-content\/uploads\/2021\/05\/rundgang7-150x150.jpg 150w, https:\/\/www.donaudental.de\/wp-content\/uploads\/2021\/05\/rundgang7-100x100.jpg 100w\" sizes=\"auto, (max-width: 150px) 100vw, 150px\" \/><\/a>\n\t\t\t<\/dt><\/dl><dl class='gallery-item'>\n\t\t\t<dt class='gallery-icon landscape'>\n\t\t\t\t<a href='https:\/\/www.donaudental.de\/wp-content\/uploads\/2021\/05\/rundgang3.jpg'><img loading=\"lazy\" decoding=\"async\" width=\"150\" height=\"150\" src=\"https:\/\/www.donaudental.de\/wp-content\/uploads\/2021\/05\/rundgang3-150x150.jpg\" class=\"attachment-thumbnail size-thumbnail\" alt=\"\" srcset=\"https:\/\/www.donaudental.de\/wp-content\/uploads\/2021\/05\/rundgang3-150x150.jpg 150w, https:\/\/www.donaudental.de\/wp-content\/uploads\/2021\/05\/rundgang3-100x100.jpg 100w\" sizes=\"auto, (max-width: 150px) 100vw, 150px\" \/><\/a>\n\t\t\t<\/dt><\/dl><dl class='gallery-item'>\n\t\t\t<dt class='gallery-icon landscape'>\n\t\t\t\t<a href='https:\/\/www.donaudental.de\/wp-content\/uploads\/2021\/05\/rundgang1.jpg'><img loading=\"lazy\" decoding=\"async\" width=\"150\" height=\"150\" src=\"https:\/\/www.donaudental.de\/wp-content\/uploads\/2021\/05\/rundgang1-150x150.jpg\" class=\"attachment-thumbnail size-thumbnail\" alt=\"\" srcset=\"https:\/\/www.donaudental.de\/wp-content\/uploads\/2021\/05\/rundgang1-150x150.jpg 150w, https:\/\/www.donaudental.de\/wp-content\/uploads\/2021\/05\/rundgang1-100x100.jpg 100w\" sizes=\"auto, (max-width: 150px) 100vw, 150px\" \/><\/a>\n\t\t\t<\/dt><\/dl><br style=\"clear: both\" \/><dl class='gallery-item'>\n\t\t\t<dt class='gallery-icon landscape'>\n\t\t\t\t<a href='https:\/\/www.donaudental.de\/wp-content\/uploads\/2021\/05\/IMG_0837-scaled.jpg'><img loading=\"lazy\" decoding=\"async\" width=\"150\" height=\"150\" src=\"https:\/\/www.donaudental.de\/wp-content\/uploads\/2021\/05\/IMG_0837-150x150.jpg\" class=\"attachment-thumbnail size-thumbnail\" alt=\"\" srcset=\"https:\/\/www.donaudental.de\/wp-content\/uploads\/2021\/05\/IMG_0837-150x150.jpg 150w, https:\/\/www.donaudental.de\/wp-content\/uploads\/2021\/05\/IMG_0837-100x100.jpg 100w\" sizes=\"auto, (max-width: 150px) 100vw, 150px\" \/><\/a>\n\t\t\t<\/dt><\/dl><dl class='gallery-item'>\n\t\t\t<dt class='gallery-icon landscape'>\n\t\t\t\t<a href='https:\/\/www.donaudental.de\/wp-content\/uploads\/2021\/05\/IMG_0312-scaled.jpg'><img loading=\"lazy\" decoding=\"async\" width=\"150\" height=\"150\" src=\"https:\/\/www.donaudental.de\/wp-content\/uploads\/2021\/05\/IMG_0312-150x150.jpg\" class=\"attachment-thumbnail size-thumbnail\" alt=\"\" srcset=\"https:\/\/www.donaudental.de\/wp-content\/uploads\/2021\/05\/IMG_0312-150x150.jpg 150w, https:\/\/www.donaudental.de\/wp-content\/uploads\/2021\/05\/IMG_0312-100x100.jpg 100w\" sizes=\"auto, (max-width: 150px) 100vw, 150px\" \/><\/a>\n\t\t\t<\/dt><\/dl><dl class='gallery-item'>\n\t\t\t<dt class='gallery-icon landscape'>\n\t\t\t\t<a href='https:\/\/www.donaudental.de\/wp-content\/uploads\/2021\/05\/IMG_0838-scaled.jpg'><img loading=\"lazy\" decoding=\"async\" width=\"150\" height=\"150\" src=\"https:\/\/www.donaudental.de\/wp-content\/uploads\/2021\/05\/IMG_0838-150x150.jpg\" class=\"attachment-thumbnail size-thumbnail\" alt=\"\" srcset=\"https:\/\/www.donaudental.de\/wp-content\/uploads\/2021\/05\/IMG_0838-150x150.jpg 150w, https:\/\/www.donaudental.de\/wp-content\/uploads\/2021\/05\/IMG_0838-100x100.jpg 100w\" sizes=\"auto, (max-width: 150px) 100vw, 150px\" \/><\/a>\n\t\t\t<\/dt><\/dl><br style=\"clear: both\" \/>\n\t\t<\/div>\n\n<\/div>\n","protected":false},"excerpt":{"rendered":"<p>Unser Labor Hier k\u00f6nnen Sie sich einen kleinen \u00dcberblick \u00fcber unser Labor mit seinen Mitarbeitern verschaffen. Gerne k\u00f6nnen Sie uns pers\u00f6nlich besuchen. Allgemeine Eindr\u00fccke von unserem Labor<\/p>\n","protected":false},"author":1,"featured_media":0,"parent":0,"menu_order":0,"comment_status":"closed","ping_status":"closed","template":"","meta":{"footnotes":""},"class_list":["post-45","page","type-page","status-publish","hentry"],"_links":{"self":[{"href":"https:\/\/www.donaudental.de\/index.php\/wp-json\/wp\/v2\/pages\/45","targetHints":{"allow":["GET"]}}],"collection":[{"href":"https:\/\/www.donaudental.de\/index.php\/wp-json\/wp\/v2\/pages"}],"about":[{"href":"https:\/\/www.donaudental.de\/index.php\/wp-json\/wp\/v2\/types\/page"}],"author":[{"embeddable":true,"href":"https:\/\/www.donaudental.de\/index.php\/wp-json\/wp\/v2\/users\/1"}],"replies":[{"embeddable":true,"href":"https:\/\/www.donaudental.de\/index.php\/wp-json\/wp\/v2\/comments?post=45"}],"version-history":[{"count":5,"href":"https:\/\/www.donaudental.de\/index.php\/wp-json\/wp\/v2\/pages\/45\/revisions"}],"predecessor-version":[{"id":227,"href":"https:\/\/www.donaudental.de\/index.php\/wp-json\/wp\/v2\/pages\/45\/revisions\/227"}],"wp:attachment":[{"href":"https:\/\/www.donaudental.de\/index.php\/wp-json\/wp\/v2\/media?parent=45"}],"curies":[{"name":"wp","href":"https:\/\/api.w.org\/{rel}","templated":true}]}}